{"id":3,"date":"2025-03-09T16:05:50","date_gmt":"2025-03-09T16:05:50","guid":{"rendered":"https:\/\/biznespoint.com\/?page_id=3"},"modified":"2025-05-08T17:03:30","modified_gmt":"2025-05-08T15:03:30","slug":"privacy-policy","status":"publish","type":"page","link":"https:\/\/biznespoint.com\/sq\/privacy-policy\/","title":{"rendered":"Politika e Privat\u00ebsis\u00eb"},"content":{"rendered":"<div data-elementor-type=\"wp-page\" data-elementor-id=\"3\" class=\"elementor elementor-3\">\n\t\t\t\t\t\t<section class=\"elementor-section elementor-top-section elementor-element elementor-element-3b2fd573 elementor-section-boxed elementor-section-gap-beside-yes elementor-section-height-default elementor-section-height-default elementor-section-column-vertical-align-stretch\" data-id=\"3b2fd573\" data-element_type=\"section\" data-e-type=\"section\">\n\t\t\t\t\t\t<div class=\"elementor-container elementor-column-gap-extended\">\n\t\t\t\t\t<div class=\"elementor-column elementor-col-100 elementor-top-column elementor-element elementor-element-b6de415\" data-id=\"b6de415\" data-element_type=\"column\" data-e-type=\"column\">\n\t\t\t<div class=\"elementor-widget-wrap elementor-element-populated\">\n\t\t\t\t\t\t<div class=\"elementor-element elementor-element-2c26b52f elementor-widget elementor-widget-text-editor\" data-id=\"2c26b52f\" data-element_type=\"widget\" data-e-type=\"widget\" data-widget_type=\"text-editor.default\">\n\t\t\t\t<div class=\"elementor-widget-container\">\n\t\t\t\t\t\t\t\t\t<h2 class=\"wp-block-heading\">POLITIKA E PRIVAT\u00cbSIS\u00cb<\/h2>\n<h2 class=\"wp-block-heading\">P\u00ebrdit\u00ebsuar m\u00eb: 01.05.2025<\/h2>\n<p><!-- \/wp:heading --><!-- wp:paragraph --><\/p>\n<p>Biznes Point respekton privat\u00ebsin\u00eb tuaj dhe \u00ebsht\u00eb i p\u00ebrkushtuar p\u00ebr t\u00eb mbrojtur informacionet tuaja personale. Kjo politik\u00eb e privat\u00ebsis\u00eb shpjegon se si ne mbledhim, p\u00ebrdorim dhe ruajm\u00eb t\u00eb dh\u00ebnat tuaja.<\/p>\n<p>\u00a0<\/p>\n<p>\u00a0<\/p>\n<p><!-- \/wp:paragraph --><!-- wp:heading --><\/p>\n<h2 class=\"wp-block-heading\">T\u00eb dh\u00ebnat q\u00eb mbledhim<\/h2>\n<p><!-- \/wp:heading --><!-- wp:paragraph --><\/p>\n<p>T\u00eb dh\u00ebna personale: Emri, adresa e email-it, numri i telefonit dhe t\u00eb dh\u00ebna t\u00eb tjera q\u00eb i jepni vullnetarisht gjat\u00eb regjistrimit apo p\u00ebrdorimit t\u00eb sh\u00ebrbimeve tona.<\/p>\n<p><!-- \/wp:paragraph --><!-- wp:paragraph --><\/p>\n<p>T\u00eb dh\u00ebna t\u00eb mbledhura automatikisht: Adresa IP, tipi i shfletuesit, informacionet e pajisjes, faqet q\u00eb vizitoni dhe koha q\u00eb kaloni n\u00eb faqe.<\/p>\n<p>\u00a0<\/p>\n<p>\u00a0<\/p>\n<p><!-- \/wp:paragraph --><!-- wp:heading --><\/p>\n<h2 class=\"wp-block-heading\">Si i p\u00ebrdorim t\u00eb dh\u00ebnat tuaja<\/h2>\n<p><!-- \/wp:heading --><!-- wp:paragraph --><\/p>\n<p>T\u00eb dh\u00ebnat tuaja mund t\u00eb p\u00ebrdoren p\u00ebr:<\/p>\n<p><!-- \/wp:paragraph --><!-- wp:paragraph --><\/p>\n<p>P\u00ebrmir\u00ebsimin e sh\u00ebrbimeve tona<\/p>\n<p><!-- \/wp:paragraph --><!-- wp:paragraph --><\/p>\n<p>Fushata reklamuese t\u00eb personalizuara<\/p>\n<p><!-- \/wp:paragraph --><!-- wp:paragraph --><\/p>\n<p>Kontaktimin tuaj n\u00eb lidhje me k\u00ebrkesat q\u00eb keni b\u00ebr\u00eb<\/p>\n<p>\u00a0<\/p>\n<p>\u00a0<\/p>\n<p><!-- \/wp:paragraph --><!-- wp:heading --><\/p>\n<h2 class=\"wp-block-heading\">Ndarja e t\u00eb dh\u00ebnave<\/h2>\n<p><!-- \/wp:heading --><!-- wp:paragraph --><\/p>\n<p>Nuk ndajm\u00eb informacionin tuaj personal me pal\u00eb t\u00eb treta, p\u00ebrve\u00e7 rasteve t\u00eb m\u00ebposhtme:<\/p>\n<p><!-- \/wp:paragraph --><!-- wp:paragraph --><\/p>\n<p>N\u00ebse kemi p\u00eblqimin tuaj<\/p>\n<p><!-- \/wp:paragraph --><!-- wp:paragraph --><\/p>\n<p>N\u00ebse \u00ebsht\u00eb e nevojshme p\u00ebr t\u00eb ofruar sh\u00ebrbimet q\u00eb keni k\u00ebrkuar<\/p>\n<p><!-- \/wp:paragraph --><!-- wp:paragraph --><\/p>\n<p>Kur kjo k\u00ebrkohet nga ligji<\/p>\n<p>\u00a0<\/p>\n<p>\u00a0<\/p>\n<p><!-- \/wp:paragraph --><!-- wp:heading --><\/p>\n<h2 class=\"wp-block-heading\">Si i mbrojm\u00eb t\u00eb dh\u00ebnat tuaja<\/h2>\n<p><!-- \/wp:heading --><!-- wp:paragraph --><\/p>\n<p>P\u00ebrdorim masa sigurie p\u00ebr t\u00eb mbrojtur t\u00eb dh\u00ebnat tuaja nga qasja e paautorizuar dhe keqp\u00ebrdorimi.<\/p>\n<p>\u00a0<\/p>\n<p>\u00a0<\/p>\n<p><!-- \/wp:paragraph --><!-- wp:heading --><\/p>\n<h2 class=\"wp-block-heading\">T\u00eb drejtat tuaja<\/h2>\n<p><!-- \/wp:heading --><!-- wp:paragraph --><\/p>\n<p>Mund t\u00eb k\u00ebrkoni qasje, p\u00ebrmir\u00ebsim ose fshirje t\u00eb informacionit tuaj duke na kontaktuar n\u00eb info@biznespoint.com.<\/p>\n<p>\u00a0<\/p>\n<p>\u00a0<\/p>\n<p><!-- \/wp:paragraph --><!-- wp:heading --><\/p>\n<h2 class=\"wp-block-heading\">Ndryshime n\u00eb politik\u00ebn e privat\u00ebsis\u00eb<\/h2>\n<p><!-- \/wp:heading --><!-- wp:paragraph --><\/p>\n<p>Kjo politik\u00eb mund t\u00eb p\u00ebrdit\u00ebsohet. \u00c7do ndryshim do t\u00eb publikohet n\u00eb faqen ton\u00eb.<\/p>\n<p>\u00a0<\/p>\n<p>\u00a0<\/p>\n<p><!-- \/wp:paragraph --><!-- wp:heading --><\/p>\n<h2 class=\"wp-block-heading\">Kontakt<\/h2>\n<p><!-- \/wp:heading --><!-- wp:paragraph --><\/p>\n<p>P\u00ebr t\u00eb gjitha pyetjet q\u00eb lidhen me privat\u00ebsin\u00eb, na kontaktoni n\u00eb info@biznespoint.com.<\/p>\n<p>\u00a0<\/p>\n<p><!-- \/wp:paragraph --><!-- wp:heading --><\/p>\n<h2 class=\"wp-block-heading\">\u00a0<\/h2>\n<p>\u00a0<\/p>\n<h2 class=\"wp-block-heading\">KUSHTET E P\u00cbRDORIMIT<\/h2>\n<p><!-- \/wp:heading --><!-- wp:heading --><\/p>\n<h2 class=\"wp-block-heading\">P\u00ebrdit\u00ebsuar m\u00eb: 01.05.2025<\/h2>\n<p><!-- \/wp:heading --><!-- wp:paragraph --><\/p>\n<p>Mir\u00eb se vini n\u00eb Biznes Point. Duke p\u00ebrdorur faqen dhe sh\u00ebrbimet tona, ju pranoni Kushtet e m\u00ebposhtme t\u00eb P\u00ebrdorimit. N\u00ebse nuk pajtoheni me k\u00ebto kushte, ju lutemi mos e p\u00ebrdorni platform\u00ebn ton\u00eb.<\/p>\n<p>\u00a0<\/p>\n<p>\u00a0<\/p>\n<p><!-- \/wp:paragraph --><!-- wp:heading --><\/p>\n<h2 class=\"wp-block-heading\">Pranimi i kushteve<\/h2>\n<p><!-- \/wp:heading --><!-- wp:paragraph --><\/p>\n<p>Duke p\u00ebrdorur faqen ton\u00eb, ju konfirmoni se keni lexuar, kuptuar dhe pranuar k\u00ebto Kushte t\u00eb P\u00ebrdorimit.<\/p>\n<p>\u00a0<\/p>\n<p>\u00a0<\/p>\n<p><!-- \/wp:paragraph --><!-- wp:heading --><\/p>\n<h2 class=\"wp-block-heading\">Sh\u00ebrbimeve<\/h2>\n<p><!-- \/wp:heading --><!-- wp:paragraph --><\/p>\n<p>Biznes Point ofron nj\u00eb platform\u00eb p\u00ebr reklamat e bizneseve n\u00eb Kosov\u00eb. Ne rezervojm\u00eb t\u00eb drejt\u00ebn t\u00eb modifikojm\u00eb, pezullojm\u00eb ose nd\u00ebrpresim ndonj\u00eb pjes\u00eb t\u00eb Sh\u00ebrbimeve n\u00eb \u00e7do koh\u00eb.<\/p>\n<p>\u00a0<\/p>\n<p>\u00a0<\/p>\n<p><!-- \/wp:paragraph --><!-- wp:heading --><\/p>\n<h2 class=\"wp-block-heading\">Llogarit\u00eb e p\u00ebrdoruesve<\/h2>\n<p><!-- \/wp:heading --><!-- wp:paragraph --><\/p>\n<p>Ju mund t\u00eb regjistroheni p\u00ebr t\u00eb p\u00ebrdorur disa sh\u00ebrbime.<\/p>\n<p><!-- \/wp:paragraph --><!-- wp:paragraph --><\/p>\n<p>Ju jeni p\u00ebrgjegj\u00ebs p\u00ebr sigurin\u00eb e llogaris\u00eb dhe fjal\u00ebkalimit tuaj.<\/p>\n<p><!-- \/wp:paragraph --><!-- wp:paragraph --><\/p>\n<p>Ndarja e llogaris\u00eb me pal\u00eb t\u00eb treta \u00ebsht\u00eb e ndaluar.<\/p>\n<p>\u00a0<\/p>\n<p>\u00a0<\/p>\n<p><!-- \/wp:paragraph --><!-- wp:heading --><\/p>\n<h2 class=\"wp-block-heading\">Detyrimet e p\u00ebrdoruesit<\/h2>\n<p><!-- \/wp:heading --><!-- wp:paragraph --><\/p>\n<p>Si p\u00ebrdorues, ju angazhoheni t\u00eb:<\/p>\n<p><!-- \/wp:paragraph --><!-- wp:paragraph --><\/p>\n<p>Jepni informacion t\u00eb sakt\u00eb dhe t\u00eb p\u00ebrdit\u00ebsuar<\/p>\n<p><!-- \/wp:paragraph --><!-- wp:paragraph --><\/p>\n<p>Mos publikoni p\u00ebrmbajtje t\u00eb paligjshme, fyese ose t\u00eb d\u00ebmshme<\/p>\n<p><!-- \/wp:paragraph --><!-- wp:paragraph --><\/p>\n<p>Mos shkelni t\u00eb drejtat e pron\u00ebsis\u00eb intelektuale t\u00eb t\u00eb tjer\u00ebve<\/p>\n<p>\u00a0<\/p>\n<p>\u00a0<\/p>\n<p><!-- \/wp:paragraph --><!-- wp:heading --><\/p>\n<h2 class=\"wp-block-heading\">Aktivitetet e ndaluara<\/h2>\n<p><!-- \/wp:heading --><!-- wp:paragraph --><\/p>\n<p>P\u00ebrdoruesit angazhohen q\u00eb t\u00eb mos:<\/p>\n<p><!-- \/wp:paragraph --><!-- wp:paragraph --><\/p>\n<p>Publikojn\u00eb p\u00ebrmbajtje t\u00eb paligjshme, fyese ose mashtruese<\/p>\n<p><!-- \/wp:paragraph --><!-- wp:paragraph --><\/p>\n<p>P\u00ebrdorin faqen p\u00ebr q\u00ebllime mashtruese ose mashtruese<\/p>\n<p><!-- \/wp:paragraph --><!-- wp:paragraph --><\/p>\n<p>P\u00ebrpiqen t\u00eb hakojn\u00eb ose t\u00eb nd\u00ebrpresin funksionimin e faqes<\/p>\n<p>\u00a0<\/p>\n<p>\u00a0<\/p>\n<p><!-- \/wp:paragraph --><!-- wp:heading --><\/p>\n<h2 class=\"wp-block-heading\">Prona intelektuale<\/h2>\n<p><!-- \/wp:heading --><!-- wp:paragraph --><\/p>\n<p>E gjith\u00eb p\u00ebrmbajtja n\u00eb faqe, p\u00ebrfshir\u00eb tekstet, grafikat, logot dhe softuerin, \u00ebsht\u00eb pron\u00eb e Biznes Point ose e licensuesve t\u00eb tij dhe \u00ebsht\u00eb e mbrojtur me ligjet e t\u00eb drejtave t\u00eb autorit.<\/p>\n<p>\u00a0<\/p>\n<p>\u00a0<\/p>\n<p><!-- \/wp:paragraph --><!-- wp:heading --><\/p>\n<h2 class=\"wp-block-heading\">Kufizimi i p\u00ebrgjegj\u00ebsis\u00eb<\/h2>\n<p><!-- \/wp:heading --><!-- wp:paragraph --><\/p>\n<p>Biznes Point nuk mban p\u00ebrgjegj\u00ebsi p\u00ebr asnj\u00eb d\u00ebm q\u00eb mund t\u00eb rezultoj\u00eb nga p\u00ebrdorimi ose pamund\u00ebsia p\u00ebr t\u00eb p\u00ebrdorur faqen apo sh\u00ebrbimet tona.<\/p>\n<p>\u00a0<\/p>\n<p>\u00a0<\/p>\n<p><!-- \/wp:paragraph --><!-- wp:heading --><\/p>\n<h2 class=\"wp-block-heading\">Ndryshime n\u00eb kushtet e p\u00ebrdorimit<\/h2>\n<p><!-- \/wp:heading --><!-- wp:paragraph --><\/p>\n<p>Ne rezervojm\u00eb t\u00eb drejt\u00ebn t\u00eb p\u00ebrdit\u00ebsojm\u00eb k\u00ebto Kushte t\u00eb P\u00ebrdorimit n\u00eb \u00e7do koh\u00eb.<\/p>\n<p>\u00a0<\/p>\n<p>\u00a0<\/p>\n<p><!-- \/wp:paragraph --><!-- wp:heading --><\/p>\n<h2 class=\"wp-block-heading\">Kontakt<\/h2>\n<p><!-- \/wp:heading --><!-- wp:paragraph --><\/p>\n<p>P\u00ebr \u00e7do pyetje, na kontaktoni p\u00ebrmes info@biznespoint.com.<\/p>\n<p><!-- \/wp:paragraph --><!-- wp:paragraph --><\/p>\n<p><!-- \/wp:paragraph --><\/p>\t\t\t\t\t\t\t\t<\/div>\n\t\t\t\t<\/div>\n\t\t\t\t\t<\/div>\n\t\t<\/div>\n\t\t\t\t\t<\/div>\n\t\t<\/section>\n\t\t\t\t<\/div>","protected":false},"excerpt":{"rendered":"<p>PRIVACY POLICY Last updated: 01.05.2025 Biznes Point respects your privacy and is committed to protecting your personal information. This privacy policy explains how we collect, use, and store your information. \u00a0 \u00a0 Data we collect Personal data: Name, email address, phone number and other data you voluntarily provide when registering or using our services. Automatically [&hellip;]<\/p>","protected":false},"author":1,"featured_media":0,"parent":0,"menu_order":0,"comment_status":"closed","ping_status":"closed","template":"","meta":{"_monsterinsights_skip_tracking":false,"_monsterinsights_sitenote_active":false,"_monsterinsights_sitenote_note":"","_monsterinsights_sitenote_category":0,"footnotes":""},"class_list":["post-3","page","type-page","status-publish","hentry"],"aioseo_notices":[],"_hostinger_reach_plugin_has_subscription_block":false,"_hostinger_reach_plugin_is_elementor":false,"_links":{"self":[{"href":"https:\/\/biznespoint.com\/sq\/wp-json\/wp\/v2\/pages\/3","targetHints":{"allow":["GET"]}}],"collection":[{"href":"https:\/\/biznespoint.com\/sq\/wp-json\/wp\/v2\/pages"}],"about":[{"href":"https:\/\/biznespoint.com\/sq\/wp-json\/wp\/v2\/types\/page"}],"author":[{"embeddable":true,"href":"https:\/\/biznespoint.com\/sq\/wp-json\/wp\/v2\/users\/1"}],"replies":[{"embeddable":true,"href":"https:\/\/biznespoint.com\/sq\/wp-json\/wp\/v2\/comments?post=3"}],"version-history":[{"count":0,"href":"https:\/\/biznespoint.com\/sq\/wp-json\/wp\/v2\/pages\/3\/revisions"}],"wp:attachment":[{"href":"https:\/\/biznespoint.com\/sq\/wp-json\/wp\/v2\/media?parent=3"}],"curies":[{"name":"wp","href":"https:\/\/api.w.org\/{rel}","templated":true}]}}